


{"id":1680,"date":"2025-01-20T12:44:06","date_gmt":"2025-01-20T12:44:06","guid":{"rendered":"https:\/\/gyn-munich.com\/?page_id=1680"},"modified":"2025-01-20T12:44:10","modified_gmt":"2025-01-20T12:44:10","slug":"patienten-und-anamneseformular-alt-sicherung","status":"publish","type":"page","link":"https:\/\/gyn-munich.com\/de\/patienten-und-anamneseformular-alt-sicherung\/","title":{"rendered":"Patienten- und Anamneseformular (ALT SICHERUNG)"},"content":{"rendered":"","protected":true},"excerpt":{"rendered":"","protected":true},"author":1,"featured_media":0,"parent":0,"menu_order":0,"comment_status":"closed","ping_status":"closed","template":"","meta":{"_et_pb_use_builder":"on","_et_pb_old_content":"<!-- wp:paragraph -->\r\n<p>This is an example page. It's different from a blog post because it will stay in one place and will show up in your site navigation (in most themes). Most people start with an About page that introduces them to potential site visitors. It might say something like this:<\/p>\r\n<!-- \/wp:paragraph -->\r\n\r\n<!-- wp:quote -->\r\n<blockquote class=\"wp-block-quote\"><p>Hi there! I'm a bike messenger by day, aspiring actor by night, and this is my website. I live in Los Angeles, have a great dog named Jack, and I like pi\u00f1a coladas. (And gettin' caught in the rain.)<\/p><\/blockquote>\r\n<!-- \/wp:quote -->\r\n\r\n<!-- wp:paragraph -->\r\n<p>...or something like this:<\/p>\r\n<!-- \/wp:paragraph -->\r\n\r\n<!-- wp:quote -->\r\n<blockquote class=\"wp-block-quote\"><p>The XYZ Doohickey Company was founded in 1971, and has been providing quality doohickeys to the public ever since. Located in Gotham City, XYZ employs over 2,000 people and does all kinds of awesome things for the Gotham community.<\/p><\/blockquote>\r\n<!-- \/wp:quote -->\r\n\r\n<!-- wp:paragraph -->\r\n<p>As a new WordPress user, you should go to <a href=\"https:\/\/gyn-munich.com\/wp-admin\/\">your dashboard<\/a> to delete this page and create new pages for your content. Have fun!<\/p>\r\n<!-- \/wp:paragraph -->","_et_gb_content_width":"","footnotes":""},"class_list":["post-1680","page","type-page","status-publish","post-password-required","hentry"],"yoast_head":"<!-- This site is optimized with the Yoast SEO plugin v27.3 - https:\/\/yoast.com\/product\/yoast-seo-wordpress\/ -->\n<title>Patienten- und Anamneseformular (ALT SICHERUNG) - gyn-munich<\/title>\n<meta name=\"description\" content=\"Herausgeber und verantwortlich f\u00fcr die Inhalte: gyn-munichDr. Norbert Pf\u00fctzenreuter, Dr. Martin Kurz, Prof. Dr. Dr. Darius Dian Heidemannstr. 5b 80939 M\u00fcnchen\" \/>\n<meta name=\"robots\" content=\"index, follow, max-snippet:-1, max-image-preview:large, max-video-preview:-1\" \/>\n<link rel=\"canonical\" href=\"https:\/\/gyn-munich.com\/de\/patienten-und-anamneseformular-alt-sicherung\/\" \/>\n<meta property=\"og:locale\" content=\"de_DE\" \/>\n<meta property=\"og:type\" content=\"article\" \/>\n<meta property=\"og:title\" content=\"Patienten- und Anamneseformular (ALT SICHERUNG) - gyn-munich\" \/>\n<meta property=\"og:description\" content=\"Herausgeber und verantwortlich f\u00fcr die Inhalte: gyn-munichDr. Norbert Pf\u00fctzenreuter, Dr. Martin Kurz, Prof. Dr. Dr. Darius Dian Heidemannstr. 5b 80939 M\u00fcnchen\" \/>\n<meta property=\"og:url\" content=\"https:\/\/gyn-munich.com\/de\/patienten-und-anamneseformular-alt-sicherung\/\" \/>\n<meta property=\"og:site_name\" content=\"gyn-munich\" \/>\n<meta property=\"article:modified_time\" content=\"2025-01-20T12:44:10+00:00\" \/>\n<meta name=\"twitter:card\" content=\"summary_large_image\" \/>\n<meta name=\"twitter:label1\" content=\"Gesch\u00e4tzte Lesezeit\" \/>\n\t<meta name=\"twitter:data1\" content=\"3\u00a0Minuten\" \/>\n<script type=\"application\/ld+json\" class=\"yoast-schema-graph\">{\"@context\":\"https:\\\/\\\/schema.org\",\"@graph\":[{\"@type\":\"WebPage\",\"@id\":\"https:\\\/\\\/gyn-munich.com\\\/patienten-und-anamneseformular-alt-sicherung\\\/\",\"url\":\"https:\\\/\\\/gyn-munich.com\\\/patienten-und-anamneseformular-alt-sicherung\\\/\",\"name\":\"Patienten- und Anamneseformular (ALT SICHERUNG) - gyn-munich\",\"isPartOf\":{\"@id\":\"https:\\\/\\\/gyn-munich.com\\\/de\\\/#website\"},\"datePublished\":\"2025-01-20T12:44:06+00:00\",\"dateModified\":\"2025-01-20T12:44:10+00:00\",\"breadcrumb\":{\"@id\":\"https:\\\/\\\/gyn-munich.com\\\/patienten-und-anamneseformular-alt-sicherung\\\/#breadcrumb\"},\"inLanguage\":\"de\"},{\"@type\":\"WebSite\",\"@id\":\"https:\\\/\\\/gyn-munich.com\\\/de\\\/#website\",\"url\":\"https:\\\/\\\/gyn-munich.com\\\/de\\\/\",\"name\":\"gyn-munich\",\"description\":\"gynecologic surgery\",\"publisher\":{\"@id\":\"https:\\\/\\\/gyn-munich.com\\\/de\\\/#organization\"},\"potentialAction\":[{\"@type\":\"SearchAction\",\"target\":{\"@type\":\"EntryPoint\",\"urlTemplate\":\"https:\\\/\\\/gyn-munich.com\\\/de\\\/?s={search_term_string}\"},\"query-input\":{\"@type\":\"PropertyValueSpecification\",\"valueRequired\":true,\"valueName\":\"search_term_string\"}}],\"inLanguage\":\"de\"},{\"@type\":\"Organization\",\"@id\":\"https:\\\/\\\/gyn-munich.com\\\/de\\\/#organization\",\"name\":\"gyn-munich\",\"url\":\"https:\\\/\\\/gyn-munich.com\\\/de\\\/\",\"logo\":{\"@type\":\"ImageObject\",\"inLanguage\":\"de\",\"@id\":\"https:\\\/\\\/gyn-munich.com\\\/de\\\/#\\\/schema\\\/logo\\\/image\\\/\",\"url\":\"https:\\\/\\\/gyn-munich.com\\\/wp-content\\\/uploads\\\/2022\\\/06\\\/gyn_munich_logo.png\",\"contentUrl\":\"https:\\\/\\\/gyn-munich.com\\\/wp-content\\\/uploads\\\/2022\\\/06\\\/gyn_munich_logo.png\",\"width\":511,\"height\":152,\"caption\":\"gyn-munich\"},\"image\":{\"@id\":\"https:\\\/\\\/gyn-munich.com\\\/de\\\/#\\\/schema\\\/logo\\\/image\\\/\"}}]}<\/script>\n<!-- \/ Yoast SEO plugin. -->","yoast_head_json":{"title":"Patienten- und Anamneseformular (ALT SICHERUNG) - gyn-munich","description":"Herausgeber und verantwortlich f\u00fcr die Inhalte: gyn-munichDr. Norbert Pf\u00fctzenreuter, Dr. Martin Kurz, Prof. Dr. Dr. Darius Dian Heidemannstr. 5b 80939 M\u00fcnchen","robots":{"index":"index","follow":"follow","max-snippet":"max-snippet:-1","max-image-preview":"max-image-preview:large","max-video-preview":"max-video-preview:-1"},"canonical":"https:\/\/gyn-munich.com\/de\/patienten-und-anamneseformular-alt-sicherung\/","og_locale":"de_DE","og_type":"article","og_title":"Patienten- und Anamneseformular (ALT SICHERUNG) - gyn-munich","og_description":"Herausgeber und verantwortlich f\u00fcr die Inhalte: gyn-munichDr. Norbert Pf\u00fctzenreuter, Dr. Martin Kurz, Prof. Dr. Dr. Darius Dian Heidemannstr. 5b 80939 M\u00fcnchen","og_url":"https:\/\/gyn-munich.com\/de\/patienten-und-anamneseformular-alt-sicherung\/","og_site_name":"gyn-munich","article_modified_time":"2025-01-20T12:44:10+00:00","twitter_card":"summary_large_image","twitter_misc":{"Gesch\u00e4tzte Lesezeit":"3\u00a0Minuten"},"schema":{"@context":"https:\/\/schema.org","@graph":[{"@type":"WebPage","@id":"https:\/\/gyn-munich.com\/patienten-und-anamneseformular-alt-sicherung\/","url":"https:\/\/gyn-munich.com\/patienten-und-anamneseformular-alt-sicherung\/","name":"Patienten- und Anamneseformular (ALT SICHERUNG) - gyn-munich","isPartOf":{"@id":"https:\/\/gyn-munich.com\/de\/#website"},"datePublished":"2025-01-20T12:44:06+00:00","dateModified":"2025-01-20T12:44:10+00:00","breadcrumb":{"@id":"https:\/\/gyn-munich.com\/patienten-und-anamneseformular-alt-sicherung\/#breadcrumb"},"inLanguage":"de"},{"@type":"WebSite","@id":"https:\/\/gyn-munich.com\/de\/#website","url":"https:\/\/gyn-munich.com\/de\/","name":"gyn-munich","description":"gynecologic surgery","publisher":{"@id":"https:\/\/gyn-munich.com\/de\/#organization"},"potentialAction":[{"@type":"SearchAction","target":{"@type":"EntryPoint","urlTemplate":"https:\/\/gyn-munich.com\/de\/?s={search_term_string}"},"query-input":{"@type":"PropertyValueSpecification","valueRequired":true,"valueName":"search_term_string"}}],"inLanguage":"de"},{"@type":"Organization","@id":"https:\/\/gyn-munich.com\/de\/#organization","name":"gyn-munich","url":"https:\/\/gyn-munich.com\/de\/","logo":{"@type":"ImageObject","inLanguage":"de","@id":"https:\/\/gyn-munich.com\/de\/#\/schema\/logo\/image\/","url":"https:\/\/gyn-munich.com\/wp-content\/uploads\/2022\/06\/gyn_munich_logo.png","contentUrl":"https:\/\/gyn-munich.com\/wp-content\/uploads\/2022\/06\/gyn_munich_logo.png","width":511,"height":152,"caption":"gyn-munich"},"image":{"@id":"https:\/\/gyn-munich.com\/de\/#\/schema\/logo\/image\/"}}]}},"_links":{"self":[{"href":"https:\/\/gyn-munich.com\/de\/wp-json\/wp\/v2\/pages\/1680","targetHints":{"allow":["GET"]}}],"collection":[{"href":"https:\/\/gyn-munich.com\/de\/wp-json\/wp\/v2\/pages"}],"about":[{"href":"https:\/\/gyn-munich.com\/de\/wp-json\/wp\/v2\/types\/page"}],"author":[{"embeddable":true,"href":"https:\/\/gyn-munich.com\/de\/wp-json\/wp\/v2\/users\/1"}],"replies":[{"embeddable":true,"href":"https:\/\/gyn-munich.com\/de\/wp-json\/wp\/v2\/comments?post=1680"}],"version-history":[{"count":2,"href":"https:\/\/gyn-munich.com\/de\/wp-json\/wp\/v2\/pages\/1680\/revisions"}],"predecessor-version":[{"id":1682,"href":"https:\/\/gyn-munich.com\/de\/wp-json\/wp\/v2\/pages\/1680\/revisions\/1682"}],"wp:attachment":[{"href":"https:\/\/gyn-munich.com\/de\/wp-json\/wp\/v2\/media?parent=1680"}],"curies":[{"name":"wp","href":"https:\/\/api.w.org\/{rel}","templated":true}]}}